{"id":437,"date":"2019-10-21T15:44:42","date_gmt":"2019-10-21T13:44:42","guid":{"rendered":"https:\/\/bedolandia.com\/?page_id=437"},"modified":"2022-07-08T11:56:56","modified_gmt":"2022-07-08T09:56:56","slug":"terms-of-use","status":"publish","type":"page","link":"https:\/\/bedolandia.com\/en\/terms-of-use\/","title":{"rendered":"Terms of use (SK only)"},"content":{"rendered":"<h3>V\u0161eobecn\u00e9 ustanovenia<\/h3>\n<p>Prev\u00e1dzkovate\u013eom webov\u00fdch spr\u00e1nok je spolo\u010dnos\u0165 KX Ko\u0161ice s.r.o., \u0160tef\u00e1nikova 22, 040 01 Ko\u0161ice Slovensko, I\u010cO: 47435097, \u010falej len &#8220;prev\u00e1dzkovate\u013e t\u00fdchto webov\u00fdch str\u00e1nok&#8221;.<\/p>\n<ol>\n<li>Platnos\u0165 v\u0161eobecn\u00fdch podmienok pou\u017e\u00edvania a ochrany osobn\u00fdch \u00fadajov akceptuj\u00fa v\u0161etci u\u017e\u00edvatelia a n\u00e1v\u0161tevn\u00edci webovej str\u00e1nky jej zvolen\u00edm, po\u017eit\u00edm, n\u00e1kupom v e-shope a pod. Pravidl\u00e1 ochrany osobn\u00fdch \u00fadajov a pou\u017e\u00edvanie cookies sa vz\u0165ahuj\u00fa na slu\u017eby, ktor\u00e9 poskytuje prev\u00e1dzkovate\u013e t\u00fdchto webov\u00fdch str\u00e1nok prostredn\u00edctvom svojich webov\u00fdch str\u00e1nok. Prev\u00e1dzkovate\u013e t\u00fdchto webov\u00fdch str\u00e1nok si vyhradzuje pr\u00e1vo kedyko\u013evek podmienky pou\u017e\u00edvania a ochrany osobn\u00fdch \u00fadajov zmeni\u0165 pod\u013ea vlastn\u00e9ho uv\u00e1\u017eenia.<\/li>\n<li>Pravidl\u00e1 ochrany osobn\u00fdch \u00fadajov a pou\u017e\u00edvanie cookies sa nevz\u0165ahuj\u00fa na slu\u017eby a prvky webov\u00fdch str\u00e1nok poskytovan\u00e9 tret\u00edmi stranami ako s\u00fa napr. soci\u00e1lne pluginy, reklama, analytick\u00e9 n\u00e1stroje, odkazy a pod.<\/li>\n<li>Kliknut\u00edm na tla\u010didlo &#8220;s\u00fahlas\u00edm&#8221;, &#8220;odosla\u0165&#8221;, &#8220;k\u00fapi\u0165&#8221;, &#8220;zaplati\u0165&#8221; a podobne s\u00fahlas\u00ed u\u017e\u00edvate\u013e s podmienkami pou\u017e\u00edvania webov\u00fdch str\u00e1nok. V pr\u00edpade zmeny pravidiel pou\u017e\u00edvania webov\u00fdch str\u00e1nok a pravidiel ochrany osobn\u00fdch \u00fadajov mus\u00ed u\u017e\u00edvate\u013e e\u0161te raz s\u00fahlasi\u0165 so zmenou a to klikn\u00fat\u00edm na pr\u00edslu\u0161n\u00e9 tla\u010didlo.<\/li>\n<li>Prev\u00e1dzkovate\u013e t\u00fdchto webov\u00fdch str\u00e1nok t\u00fdchto webov\u00fdch str\u00e1nok pon\u00faka na svojej webovej str\u00e1nke inform\u00e1cie t\u00fdkaj\u00face sa tovarov a slu\u017eieb podniku z\u00e1kazn\u00edkom, dod\u00e1vate\u013eom a uch\u00e1dza\u010dom o zamestnanie.<\/li>\n<\/ol>\n<h3>Ru\u010denie<\/h3>\n<li>Prev\u00e1dzkovate\u013e t\u00fdchto webov\u00fdch str\u00e1nok ru\u010d\u00ed za \u0161kodu sp\u00f4soben\u00fa u\u017e\u00edvate\u013eovi pou\u017eit\u00edm webov\u00fdch str\u00e1nok len v pr\u00edpade \u00famyslu alebo hrubej nedbanlivosti.<\/li>\n<li>Prev\u00e1dzkovate\u013e t\u00fdchto webov\u00fdch str\u00e1nok nepreber\u00e1 \u017eiadnu z\u00e1ruku za \u0161kody alebo straty, ktor\u00e9 utrp\u00ed u\u017e\u00edvate\u013e, ani priame ani nepriame, bezprostredn\u00e9 alebo n\u00e1sledn\u00e9 \u0161kody nez\u00e1visle od toho, \u010di vznikn\u00fa zo zmluvy, pr\u00e1va na n\u00e1hradu \u0161kody (vr\u00e1tane nedbanlivosti) alebo akoko\u013evek inak, pokia\u013e spadaj\u00fa do niektorej z nasledovn\u00fdch kateg\u00f3ri\u00ed:\n<ul>\n<li>U\u0161l\u00fd zisk a n\u00e1sledn\u00e9 \u0161kody<\/li>\n<li>Neo\u010dak\u00e1van\u00e9 straty a u\u0161l\u00fd zisk<\/li>\n<li>U\u0161l\u00e9 mo\u017enosti obchodu<\/li>\n<li>Strata good will a strata \u00fadajov<\/li>\n<\/ul>\n<\/li>\n<li>Prev\u00e1dzkovate\u013e t\u00fdchto webov\u00fdch str\u00e1nok podnikla v\u0161etky potrebn\u00e9 \u010dinnosti aby zabezpe\u010dila spr\u00e1vnos\u0165 a \u00faplnos\u0165 inform\u00e1ci\u00ed poskytnut\u00fdch na webov\u00fdch str\u00e1nkach v \u010dase ich poskytnutia.<\/li>\n<li>Prev\u00e1dzkovate\u013e t\u00fdchto webov\u00fdch str\u00e1nok ned\u00e1va \u017eiadne pr\u00eds\u013euby a nepreber\u00e1 \u017eiadne z\u00e1ruky za inform\u00e1cie uveden\u00e9 na webovej str\u00e1nke, ako s\u00fa napr\u00edklad dostupnos\u0165 obsahu tret\u00edch str\u00e1n, s\u00fabory na stiahnutie, extern\u00e9 odkazy alebo in\u00fd obsah pou\u017eit\u00fd priamo alebo nepriamo. Prev\u00e1dzkovate\u013e t\u00fdchto webov\u00fdch str\u00e1nok si vyhradzuje pr\u00e1vo na vykonanie zmien uveden\u00fdch inform\u00e1ci\u00ed bez predch\u00e1dzaj\u00faceho upozornenia.<\/li>\n<li>Prev\u00e1dzkovate\u013e t\u00fdchto webov\u00fdch str\u00e1nok nezodpoved\u00e1 za \u0161kody sp\u00f4soben\u00e9 neodborn\u00fdm alebo nen\u00e1le\u017eit\u00fdm pou\u017eit\u00edm u\u017e\u00edvate\u013esk\u00e9ho konta u\u017e\u00edvate\u013eom alebo za zneu\u017eitie a stratu identifika\u010dn\u00fdch \u00fadajov, za ktor\u00fdch uchovanie je zodpovedn\u00fd u\u017e\u00edvate\u013e.<\/li>\n<li>Prev\u00e1dzkovate\u013e t\u00fdchto webov\u00fdch str\u00e1nok nepreber\u00e1 zodpovednos\u0165 za obsah extern\u00fdch linkov, ktor\u00e9 ved\u00fa z t\u00fdchto webov\u00fdch str\u00e1nok na in\u00e9 webov\u00e9 str\u00e1nky a s\u00fabory.<\/li>\n<\/ol>\n<h3>Ochrana du\u0161evn\u00e9ho vlastn\u00edctva<\/h3>\n<ol>\n<li>Obsah webov\u00fdch str\u00e1nok vr\u00e1tane obrazov\u00fdch pr\u00edloh, textu, zna\u010diek, vide\u00ed, grafiky a pod. je du\u0161evn\u00fdm vlastn\u00edctvom prev\u00e1dzkovate\u013ea t\u00fdchto webov\u00fdch str\u00e1nok. Pou\u017e\u00edvan\u00edm webov\u00fdch str\u00e1nok nevznikaj\u00fa u\u017e\u00edvate\u013eovi \u017eiadne licen\u010dn\u00e9 ani in\u00e9 n\u00e1roky na ich obsah, napr. priemyseln\u00e9 pr\u00e1va, autorsk\u00e9 pr\u00e1va, ochrann\u00e9 zn\u00e1mky alebo in\u00e9. Obsah webov\u00fdch str\u00e1nok sa nesmie bez predch\u00e1dzaj\u00faceho p\u00edsomn\u00e9ho s\u00fahlasu prev\u00e1dzkovate\u013ea t\u00fdchto webov\u00fdch str\u00e1nok meni\u0165, kop\u00edrova\u0165, dopl\u0148ova\u0165 alebo pou\u017ei\u0165 in\u00fdm sp\u00f4sobom na ak\u00fd bol ur\u010den\u00fd.<\/li>\n<h3>Dostupnos\u0165 webov\u00fdch str\u00e1nok a obsah<\/h3>\n<ol>\n<li>Prev\u00e1dzkovate\u013e t\u00fdchto webov\u00fdch str\u00e1nok m\u00e1 pr\u00e1vo zmeni\u0165 alebo zru\u0161i\u0165 svoje webov\u00e9 str\u00e1nky resp. ponuku slu\u017eieb a tovarov pod\u013ea svojho vlastn\u00e9ho uv\u00e1\u017eenia. N\u00e1rok na pou\u017e\u00edvanie alebo udr\u017eiavanie webov\u00fdch str\u00e1nok nie je vymo\u017eite\u013en\u00fd a prev\u00e1dzkovate\u013e t\u00fdchto webov\u00fdch str\u00e1nok za dostupnos\u0165 a \u00fadr\u017ebu nepreber\u00e1 zodpovednos\u0165.<\/li>\n<li>Prev\u00e1dzkovate\u013e t\u00fdchto webov\u00fdch str\u00e1nok udr\u017eiava webov\u00e9 str\u00e1nky pod\u013ea existuj\u00facich technick\u00fdch, ekonomick\u00fdch, podnikov\u00fdch a organiza\u010dn\u00fdch mo\u017enost\u00ed. Ned\u00e1va v\u0161ak z\u00e1ruku, \u017ee bud\u00fa k dispoz\u00edcii nepretr\u017eite alebo \u017ee v\u00f4bec bud\u00fa k dispoz\u00edcii. Tie\u017e neru\u010d\u00ed za to, \u017ee bud\u00fa bez ch\u00fdb alebo \u017ee chyby bud\u00fa odstr\u00e1nen\u00e9. Prev\u00e1dzkovate\u013e t\u00fdchto webov\u00fdch str\u00e1nok v\u00fdslovne vylu\u010duje ak\u00fako\u013evek z\u00e1ruku za sp\u00f4soben\u00e9 \u0161kody ak\u00e9hoko\u013evek druhu z poskytnutia t\u00fdchto webov\u00fdch str\u00e1nok alebo jej pom\u00f4cok, pokia\u013e to je zo z\u00e1kona dovolen\u00e9.<\/li>\n<li>Inform\u00e1cie, ceny a fotografie zverejnen\u00e9 na tejto internetovej str\u00e1nke s\u00fa informat\u00edvne a nez\u00e1v\u00e4zn\u00e9.<\/li>\n<\/ol>\n<h3>Reklama<\/h3>\n<ol>\n<li>Tieto webov\u00e9 str\u00e1nky s\u00fa ur\u010den\u00e9 potenci\u00e1lnym z\u00e1kazn\u00edkom prev\u00e1dzkovate\u013e t\u00fdchto webov\u00fdch str\u00e1nok. Ten sa sna\u017e\u00ed svojich potenci\u00e1lnych z\u00e1kazn\u00edkov oslovi\u0165 prostredn\u00edctvom reklamn\u00fdch a marketingov\u00fdch kampan\u00ed. Vzh\u013eadom na objem reklamn\u00fdch a marketingov\u00fdch kampan\u00ed prev\u00e1dzkovate\u013e svojich potenci\u00e1lnych z\u00e1kazn\u00edkov upozor\u0148uje, \u017ee inform\u00e1cie v nich poskytnut\u00e9 s\u00fa iba informat\u00edvne a nez\u00e1v\u00e4zn\u00e9 a z\u00e1v\u00e4zn\u00e9 ceny za jednotliv\u00e9 slu\u017eby a produkty je mo\u017en\u00e9 vy\u017eiada\u0165 iba osobne v prev\u00e1dzke poskytovate\u013ea alebo telefonicky. Prev\u00e1dzkovate\u013e t\u00fdchto webov\u00fdch str\u00e1nok upozor\u0148uje, \u017ee v pr\u00edpade tla\u010denej, digit\u00e1lnej a inej formy reklamy m\u00f4\u017ee pri jej zad\u00e1van\u00ed d\u00f4js\u0165 k chybe alebo nespr\u00e1vnemu prenosu \u00fadajov medzi prev\u00e1dzkovate\u013eom t\u00fdchto webov\u00fdch str\u00e1nok a zmluvn\u00fdmi partnermi, ktor\u00ed reklamu spracov\u00e1vaj\u00fa. Inform\u00e1cie uveden\u00e9 na t\u00fdchto webov\u00fdch str\u00e1nkach, \u010di v reklamn\u00fdch materi\u00e1loch v akejko\u013evek forme maj\u00fa iba ilustrat\u00edvny charakter a prev\u00e1dzkovate\u013e t\u00fdchto webov\u00fdch str\u00e1nok si vyhradzuje n\u00e1rok na tla\u010dov\u00e9, \u010di in\u00e9 chyby v reklamn\u00fdch materi\u00e1loch a reklamn\u00fdch a marketingov\u00fdch kampaniach. Prev\u00e1dzkovate\u013e t\u00fdchto webov\u00fdch str\u00e1nok tie\u017e nedok\u00e1\u017ee zaru\u010di\u0165 presn\u00fa zhodu konkr\u00e9tnych produktov a slu\u017eieb s ich obrazov\u00fdm a slovn\u00fdm vyjadren\u00edm pou\u017eitom v reklamnom ozn\u00e1men\u00ed v akejko\u013evek podobe a forme. K chybe m\u00f4\u017ee d\u00f4js\u0165 tie\u017e pri zobrazovan\u00ed reklamn\u00fdch kampan\u00ed na webov\u00fdch str\u00e1nkach partnerov prev\u00e1dzkovate\u013ea t\u00fdchto webov\u00fdch str\u00e1nok a pri zobrazen\u00ed reklamy na soci\u00e1lych sie\u0165ach. K chybn\u00e9mu zobrazeniu cenov\u00fdch pon\u00fak a reklamn\u00fdch kampan\u00ed m\u00f4\u017ee d\u00f4js\u0165 aj v pr\u00edpade, \u017ee do\u0161lo k zlyhaniu informa\u010dn\u00e9ho syst\u00e9mu a taktie\u017e v pr\u00edpade zlyhania \u013eudsk\u00e9ho faktoru v pr\u00edpade prenosu d\u00e1t a overenia spr\u00e1vnosti \u00fadajov. Prev\u00e1dzkovate\u013e t\u00fdchto webov\u00fdch str\u00e1nok v takomto pr\u00edpade nenesie za chybn\u00e9 \u00fadaje zodpovednos\u0165 a v pr\u00edpade uzavretia zmluvy alebo objedn\u00e1vky je v takomto pr\u00edpade zmluva alebo objedn\u00e1vka neplatn\u00e1.<\/li>\n<\/ol>\n<h3>Zabezpe\u010denie webov\u00fdch str\u00e1nok<\/h3>\n<ol>\n<li>Tieto webov\u00e9 str\u00e1nky m\u00f4\u017eu s\u010dasti obsahova\u0165 SSL certifk\u00e1ty. SSL certifik\u00e1ty obsahuj\u00fa okrem \u00fa\u010dinn\u00e9ho \u0161ifrovania d\u00e1t po\u010das ich prenosu na web server tie\u017e identifik\u00e1ciu poskytovate\u013ea a autentifik\u00e1ciu pravosti webov\u00fdch str\u00e1nok na ochranu pred phishingom.<\/li>\n<li>U\u017e\u00edvate\u013ek webov\u00fdch str\u00e1nok prehlasuje, \u017ee s\u00fa mu zn\u00e1me V\u0161eobecn\u00e9 ustanovenia SwissSign Gold CP\/CPS (repository.swisssign.com) a SwissSign Gold End User Agreements (repository.swisssign.com), pre\u010d\u00edtal si ich a plne ich akceptoval a bude ich dodr\u017eiava\u0165. Prev\u00e1dzkovate\u013e t\u00fdchto webov\u00fdch str\u00e1nok vylu\u010duje ru\u010denie vo\u010di u\u017e\u00edvate\u013eovi spojen\u00e9 s vyu\u017e\u00edvan\u00edm SSL certifik\u00e1tu.<\/li>\n<li>Niektor\u00e9 \u010dasti str\u00e1nok a slu\u017eby m\u00f4\u017eu by\u0165 pr\u00edstupn\u00e9 pou\u017e\u00edvate\u013eovi a\u017e po registr\u00e1cii. U\u017e\u00edvate\u013e pri registr\u00e1cii obdr\u017e\u00ed n\u00e1hodn\u00e9 heslo alebo si zvol\u00ed vlastn\u00e9 heslo, ktor\u00e9 mu umo\u017en\u00ed pr\u00edstup k u\u017e\u00edvate\u013esk\u00e9mu kontu. Prev\u00e1dzkovate\u013e t\u00fdchto webov\u00fdch str\u00e1nok nepreber\u00e1 zodpovednos\u0165 za nedostato\u010dne siln\u00e9 heslo (napr. &#8220;12345&#8221;) alebo za stratu a odsudzenie hesla tre\u0165ou stranou bez zavinenia prev\u00e1dzkovate\u013ea t\u00fdchto webov\u00fdch str\u00e1nok.<\/li>\n<li>U\u017e\u00edvate\u013e webov\u00fdch str\u00e1nok je zodpovedn\u00fd za uschovanie hesla aj in\u00fdch osobn\u00fdch \u00fadajov a za v\u0161etky aktivity, ktor\u00e9 s\u00fa spojen\u00e9 s pou\u017e\u00edvan\u00edm u\u017e\u00edvate\u013esk\u00e9ho \u00fa\u010dtu. Neopr\u00e1vnen\u00e9 pou\u017eitie \u00fa\u010dtu alebo ak\u00e9ko\u013evek poru\u0161enie bezpe\u010dnosti musia by\u0165 ihne\u010f nahl\u00e1sen\u00e9 prev\u00e1dzkovate\u013eovi t\u00fdchto webov\u00fdch str\u00e1nok. Zneu\u017eitie pr\u00edstupov\u00fdch \u00fadajov alebo ich poskytnutie tretej strane zo strany u\u017e\u00edvate\u013ea m\u00f4\u017ee vies\u0165 k vymazaniu u\u017e\u00edvate\u013esk\u00e9ho konta pr\u00edp. k zastaveniu odberu.<\/li>\n<li>Prev\u00e1dzkovate\u013e t\u00fdchto webov\u00fdch str\u00e1nok si vyhradzuje pr\u00e1vo schv\u00e1li\u0165 alebo bez udania d\u00f4vodov odmietnu\u0165 registr\u00e1ciu, \u010di prihl\u00e1senie k odberu. M\u00e1 tie\u017e pr\u00e1vo bez udania d\u00f4vodov odstr\u00e1ni\u0165 ak\u00e9ko\u013evek u\u017e\u00edvate\u013esk\u00e9 konto.<\/li>\n<li>Prev\u00e1dzkovate\u013e t\u00fdchto webov\u00fdch str\u00e1nok nezodpoved\u00e1 za obsah, ktor\u00fd obsahuje \u0161kodliv\u00e9 a\/alebo ru\u0161iace znaky ako napr. v\u00edrusy, manipulovan\u00e9 a  \u201eskryt\u00e9\u201d s\u00fabory (napr. obr\u00e1zky, ktor\u00e9 s\u00fa integrovan\u00e9 v audio-s\u00faboroch), tr\u00f3jske kone, \u010dervy alebo boty a in\u00e9, ktor\u00e9 sa m\u00f4\u017eu nach\u00e1dza\u0165 na webov\u00fdch str\u00e1nkach a m\u00f4\u017eu sp\u00f4sobi\u0165 \u0161kodu u\u017e\u00edvate\u013eovi. Prev\u00e1dzkovate\u013e t\u00fdchto webov\u00fdch str\u00e1nok sa zav\u00e4zuje vyvin\u00fa\u0165 najv\u00e4\u010d\u0161ie mo\u017en\u00e9 \u00fasilie v r\u00e1mci svojich mo\u017enost\u00ed aby tak\u00fdmto \u0161kod\u00e1m predi\u0161la.<\/li>\n<li>Elektronick\u00e9 \u00fatoky ak\u00e9hoko\u013evek druhy na webov\u00e9 str\u00e1nky alebo na \u00fadaje jednotliv\u00fdch u\u017e\u00edvate\u013eov s\u00fa zak\u00e1zan\u00e9.<\/li>\n<\/ol>\n","protected":false},"excerpt":{"rendered":"<p>V\u0161eobecn\u00e9 ustanovenia Prev\u00e1dzkovate\u013eom webov\u00fdch spr\u00e1nok je spolo\u010dnos\u0165 KX Ko\u0161ice s.r.o., \u0160tef\u00e1nikova 22, 040 01 Ko\u0161ice Slovensko, I\u010cO: 47435097, \u010falej len &#8220;prev\u00e1dzkovate\u013e t\u00fdchto webov\u00fdch str\u00e1nok&#8221;. Platnos\u0165 v\u0161eobecn\u00fdch podmienok pou\u017e\u00edvania a ochrany osobn\u00fdch \u00fadajov akceptuj\u00fa v\u0161etci u\u017e\u00edvatelia a n\u00e1v\u0161tevn\u00edci webovej str\u00e1nky jej zvolen\u00edm, po\u017eit\u00edm, n\u00e1kupom v e-shope a pod. Pravidl\u00e1 ochrany osobn\u00fdch \u00fadajov a pou\u017e\u00edvanie cookies sa<a class=\"excerpt-read-more\" href=\"https:\/\/bedolandia.com\/en\/terms-of-use\/\" title=\"ReadTerms of use (SK only)\">&#8230; Read more &raquo;<\/a><\/p>\n","protected":false},"author":1,"featured_media":0,"parent":0,"menu_order":0,"comment_status":"closed","ping_status":"closed","template":"template-full-width.php","meta":[],"acf":[],"yoast_head":"<!-- This site is optimized with the Yoast SEO plugin v19.2 - https:\/\/yoast.com\/wordpress\/plugins\/seo\/ -->\n<title>Terms of use (SK only) - Be\u010folandia - accommodation in the High Tatras, holiday cottages<\/title>\n<meta name=\"robots\" content=\"noindex, nofollow\" \/>\n<meta property=\"og:locale\" content=\"en_US\" \/>\n<meta property=\"og:type\" content=\"article\" \/>\n<meta property=\"og:title\" content=\"Terms of use (SK only) - Be\u010folandia - accommodation in the High Tatras, holiday cottages\" \/>\n<meta property=\"og:description\" content=\"V\u0161eobecn\u00e9 ustanovenia Prev\u00e1dzkovate\u013eom webov\u00fdch spr\u00e1nok je spolo\u010dnos\u0165 KX Ko\u0161ice s.r.o., \u0160tef\u00e1nikova 22, 040 01 Ko\u0161ice Slovensko, I\u010cO: 47435097, \u010falej len &#8220;prev\u00e1dzkovate\u013e t\u00fdchto webov\u00fdch str\u00e1nok&#8221;. Platnos\u0165 v\u0161eobecn\u00fdch podmienok pou\u017e\u00edvania a ochrany osobn\u00fdch \u00fadajov akceptuj\u00fa v\u0161etci u\u017e\u00edvatelia a n\u00e1v\u0161tevn\u00edci webovej str\u00e1nky jej zvolen\u00edm, po\u017eit\u00edm, n\u00e1kupom v e-shope a pod. Pravidl\u00e1 ochrany osobn\u00fdch \u00fadajov a pou\u017e\u00edvanie cookies sa... Read more &raquo;\" \/>\n<meta property=\"og:url\" content=\"https:\/\/bedolandia.com\/en\/terms-of-use\/\" \/>\n<meta property=\"og:site_name\" content=\"Be\u010folandia - accommodation in the High Tatras, holiday cottages\" \/>\n<meta property=\"article:modified_time\" content=\"2022-07-08T09:56:56+00:00\" \/>\n<meta name=\"author\" content=\"bedo_admin-1476\" \/>\n<meta name=\"twitter:card\" content=\"summary_large_image\" \/>\n<meta name=\"twitter:label1\" content=\"Est. reading time\" \/>\n\t<meta name=\"twitter:data1\" content=\"9 minutes\" \/>\n<script type=\"application\/ld+json\" class=\"yoast-schema-graph\">{\"@context\":\"https:\/\/schema.org\",\"@graph\":[{\"@type\":\"Organization\",\"@id\":\"https:\/\/bedolandia.com\/#organization\",\"name\":\"Be\u010folandia\",\"url\":\"https:\/\/bedolandia.com\/\",\"sameAs\":[],\"logo\":{\"@type\":\"ImageObject\",\"inLanguage\":\"en-US\",\"@id\":\"https:\/\/bedolandia.com\/#\/schema\/logo\/image\/\",\"url\":\"https:\/\/bedolandia.com\/wp-content\/uploads\/2022\/07\/logo.jpg\",\"contentUrl\":\"https:\/\/bedolandia.com\/wp-content\/uploads\/2022\/07\/logo.jpg\",\"width\":1200,\"height\":628,\"caption\":\"Be\u010folandia\"},\"image\":{\"@id\":\"https:\/\/bedolandia.com\/#\/schema\/logo\/image\/\"}},{\"@type\":\"WebSite\",\"@id\":\"https:\/\/bedolandia.com\/#website\",\"url\":\"https:\/\/bedolandia.com\/\",\"name\":\"Be\u010folandia - accommodation in the High Tatras, holiday cottages\",\"description\":\"Accommodation in the High Tatras, holiday cottages in the High Tatras, Tatry accommodation, Tatry cottages\",\"publisher\":{\"@id\":\"https:\/\/bedolandia.com\/#organization\"},\"potentialAction\":[{\"@type\":\"SearchAction\",\"target\":{\"@type\":\"EntryPoint\",\"urlTemplate\":\"https:\/\/bedolandia.com\/?s={search_term_string}\"},\"query-input\":\"required name=search_term_string\"}],\"inLanguage\":\"en-US\"},{\"@type\":\"WebPage\",\"@id\":\"https:\/\/bedolandia.com\/en\/terms-of-use\/#webpage\",\"url\":\"https:\/\/bedolandia.com\/en\/terms-of-use\/\",\"name\":\"Terms of use (SK only) - Be\u010folandia - accommodation in the High Tatras, holiday cottages\",\"isPartOf\":{\"@id\":\"https:\/\/bedolandia.com\/#website\"},\"datePublished\":\"2019-10-21T13:44:42+00:00\",\"dateModified\":\"2022-07-08T09:56:56+00:00\",\"breadcrumb\":{\"@id\":\"https:\/\/bedolandia.com\/en\/terms-of-use\/#breadcrumb\"},\"inLanguage\":\"en-US\",\"potentialAction\":[{\"@type\":\"ReadAction\",\"target\":[\"https:\/\/bedolandia.com\/en\/terms-of-use\/\"]}]},{\"@type\":\"BreadcrumbList\",\"@id\":\"https:\/\/bedolandia.com\/en\/terms-of-use\/#breadcrumb\",\"itemListElement\":[{\"@type\":\"ListItem\",\"position\":1,\"name\":\"Home\",\"item\":\"https:\/\/bedolandia.com\/en\/\"},{\"@type\":\"ListItem\",\"position\":2,\"name\":\"Terms of use (SK only)\"}]}]}<\/script>\n<!-- \/ Yoast SEO plugin. -->","yoast_head_json":{"title":"Terms of use (SK only) - Be\u010folandia - accommodation in the High Tatras, holiday cottages","robots":{"index":"noindex","follow":"nofollow"},"og_locale":"en_US","og_type":"article","og_title":"Terms of use (SK only) - Be\u010folandia - accommodation in the High Tatras, holiday cottages","og_description":"V\u0161eobecn\u00e9 ustanovenia Prev\u00e1dzkovate\u013eom webov\u00fdch spr\u00e1nok je spolo\u010dnos\u0165 KX Ko\u0161ice s.r.o., \u0160tef\u00e1nikova 22, 040 01 Ko\u0161ice Slovensko, I\u010cO: 47435097, \u010falej len &#8220;prev\u00e1dzkovate\u013e t\u00fdchto webov\u00fdch str\u00e1nok&#8221;. Platnos\u0165 v\u0161eobecn\u00fdch podmienok pou\u017e\u00edvania a ochrany osobn\u00fdch \u00fadajov akceptuj\u00fa v\u0161etci u\u017e\u00edvatelia a n\u00e1v\u0161tevn\u00edci webovej str\u00e1nky jej zvolen\u00edm, po\u017eit\u00edm, n\u00e1kupom v e-shope a pod. Pravidl\u00e1 ochrany osobn\u00fdch \u00fadajov a pou\u017e\u00edvanie cookies sa... Read more &raquo;","og_url":"https:\/\/bedolandia.com\/en\/terms-of-use\/","og_site_name":"Be\u010folandia - accommodation in the High Tatras, holiday cottages","article_modified_time":"2022-07-08T09:56:56+00:00","author":"bedo_admin-1476","twitter_card":"summary_large_image","twitter_misc":{"Est. reading time":"9 minutes"},"schema":{"@context":"https:\/\/schema.org","@graph":[{"@type":"Organization","@id":"https:\/\/bedolandia.com\/#organization","name":"Be\u010folandia","url":"https:\/\/bedolandia.com\/","sameAs":[],"logo":{"@type":"ImageObject","inLanguage":"en-US","@id":"https:\/\/bedolandia.com\/#\/schema\/logo\/image\/","url":"https:\/\/bedolandia.com\/wp-content\/uploads\/2022\/07\/logo.jpg","contentUrl":"https:\/\/bedolandia.com\/wp-content\/uploads\/2022\/07\/logo.jpg","width":1200,"height":628,"caption":"Be\u010folandia"},"image":{"@id":"https:\/\/bedolandia.com\/#\/schema\/logo\/image\/"}},{"@type":"WebSite","@id":"https:\/\/bedolandia.com\/#website","url":"https:\/\/bedolandia.com\/","name":"Be\u010folandia - accommodation in the High Tatras, holiday cottages","description":"Accommodation in the High Tatras, holiday cottages in the High Tatras, Tatry accommodation, Tatry cottages","publisher":{"@id":"https:\/\/bedolandia.com\/#organization"},"potentialAction":[{"@type":"SearchAction","target":{"@type":"EntryPoint","urlTemplate":"https:\/\/bedolandia.com\/?s={search_term_string}"},"query-input":"required name=search_term_string"}],"inLanguage":"en-US"},{"@type":"WebPage","@id":"https:\/\/bedolandia.com\/en\/terms-of-use\/#webpage","url":"https:\/\/bedolandia.com\/en\/terms-of-use\/","name":"Terms of use (SK only) - Be\u010folandia - accommodation in the High Tatras, holiday cottages","isPartOf":{"@id":"https:\/\/bedolandia.com\/#website"},"datePublished":"2019-10-21T13:44:42+00:00","dateModified":"2022-07-08T09:56:56+00:00","breadcrumb":{"@id":"https:\/\/bedolandia.com\/en\/terms-of-use\/#breadcrumb"},"inLanguage":"en-US","potentialAction":[{"@type":"ReadAction","target":["https:\/\/bedolandia.com\/en\/terms-of-use\/"]}]},{"@type":"BreadcrumbList","@id":"https:\/\/bedolandia.com\/en\/terms-of-use\/#breadcrumb","itemListElement":[{"@type":"ListItem","position":1,"name":"Home","item":"https:\/\/bedolandia.com\/en\/"},{"@type":"ListItem","position":2,"name":"Terms of use (SK only)"}]}]}},"_links":{"self":[{"href":"https:\/\/bedolandia.com\/en\/wp-json\/wp\/v2\/pages\/437"}],"collection":[{"href":"https:\/\/bedolandia.com\/en\/wp-json\/wp\/v2\/pages"}],"about":[{"href":"https:\/\/bedolandia.com\/en\/wp-json\/wp\/v2\/types\/page"}],"author":[{"embeddable":true,"href":"https:\/\/bedolandia.com\/en\/wp-json\/wp\/v2\/users\/1"}],"replies":[{"embeddable":true,"href":"https:\/\/bedolandia.com\/en\/wp-json\/wp\/v2\/comments?post=437"}],"version-history":[{"count":1,"href":"https:\/\/bedolandia.com\/en\/wp-json\/wp\/v2\/pages\/437\/revisions"}],"predecessor-version":[{"id":438,"href":"https:\/\/bedolandia.com\/en\/wp-json\/wp\/v2\/pages\/437\/revisions\/438"}],"wp:attachment":[{"href":"https:\/\/bedolandia.com\/en\/wp-json\/wp\/v2\/media?parent=437"}],"curies":[{"name":"wp","href":"https:\/\/api.w.org\/{rel}","templated":true}]}}